{"id":2453,"date":"2023-09-22T10:02:06","date_gmt":"2023-09-22T08:02:06","guid":{"rendered":"https:\/\/stellacar.sk\/?page_id=2453"},"modified":"2024-03-13T13:33:08","modified_gmt":"2024-03-13T12:33:08","slug":"overenie-pouzivatela","status":"publish","type":"page","link":"https:\/\/stellacar.sk\/en\/overenie-pouzivatela\/","title":{"rendered":"Overenie pou\u017e\u00edvate\u013ea"},"content":{"rendered":"<style>.kb-row-layout-wrap.wp-block-kadence-rowlayout.kb-row-layout-id2453_c99ce9-ae{margin-top:var(--global-kb-spacing-3xl, 6.5rem);}.kb-row-layout-id2453_c99ce9-ae > .kt-row-column-wrap{align-content:start;}:where(.kb-row-layout-id2453_c99ce9-ae > .kt-row-column-wrap) > .wp-block-kadence-column{justify-content:start;}.kb-row-layout-id2453_c99ce9-ae > .kt-row-column-wrap{column-gap:var(--global-kb-gap-md, 2rem);row-gap:var(--global-kb-gap-md, 2rem);max-width:var( --global-content-width, 1290px );padding-left:var(--global-content-edge-padding);padding-right:var(--global-content-edge-padding);padding-top:var(--global-kb-spacing-4xl, 8rem);padding-bottom:var(--global-kb-spacing-xxl, 5rem);grid-template-columns:minmax(0, 1fr);}.kb-row-layout-id2453_c99ce9-ae > .kt-row-layout-overlay{opacity:0.30;background-image:url('https:\/\/stellacar.sk\/wp-content\/uploads\/2023\/10\/front-view-generic-brandless-moder-car-1.jpg');background-size:contain;background-position:0% 0%;background-attachment:scroll;background-repeat:no-repeat;}@media all and (max-width: 1024px){.kb-row-layout-id2453_c99ce9-ae > .kt-row-column-wrap{grid-template-columns:minmax(0, 1fr);}}@media all and (max-width: 767px){.kb-row-layout-id2453_c99ce9-ae > .kt-row-column-wrap{grid-template-columns:minmax(0, 1fr);}}<\/style><div class=\"kb-row-layout-wrap kb-row-layout-id2453_c99ce9-ae alignfull kt-row-has-bg wp-block-kadence-rowlayout\"><div class=\"kt-row-layout-overlay kt-row-overlay-normal\"><\/div><div class=\"kt-row-column-wrap kt-has-1-columns kt-row-layout-equal kt-tab-layout-inherit kt-mobile-layout-row kt-row-valign-top kb-theme-content-width\">\n<style>.kadence-column2453_d792ad-c2 > .kt-inside-inner-col,.kadence-column2453_d792ad-c2 > .kt-inside-inner-col:before{border-top-left-radius:0px;border-top-right-radius:0px;border-bottom-right-radius:0px;border-bottom-left-radius:0px;}.kadence-column2453_d792ad-c2 > .kt-inside-inner-col{column-gap:var(--global-kb-gap-sm, 1rem);}.kadence-column2453_d792ad-c2 > .kt-inside-inner-col{flex-direction:column;}.kadence-column2453_d792ad-c2 > .kt-inside-inner-col > .aligncenter{width:100%;}.kadence-column2453_d792ad-c2 > .kt-inside-inner-col:before{opacity:0.3;}.kadence-column2453_d792ad-c2{text-align:center;}.kadence-column2453_d792ad-c2{position:relative;}@media all and (max-width: 1024px){.kadence-column2453_d792ad-c2 > .kt-inside-inner-col{flex-direction:column;justify-content:center;}}@media all and (max-width: 767px){.kadence-column2453_d792ad-c2 > .kt-inside-inner-col{flex-direction:column;justify-content:center;}}<\/style>\n<div class=\"wp-block-kadence-column kadence-column2453_d792ad-c2\"><div class=\"kt-inside-inner-col\"><style>.wp-block-kadence-advancedheading.kt-adv-heading2453_d98680-42, .wp-block-kadence-advancedheading.kt-adv-heading2453_d98680-42[data-kb-block=\"kb-adv-heading2453_d98680-42\"]{text-align:center;font-style:normal;}.wp-block-kadence-advancedheading.kt-adv-heading2453_d98680-42 mark.kt-highlight, .wp-block-kadence-advancedheading.kt-adv-heading2453_d98680-42[data-kb-block=\"kb-adv-heading2453_d98680-42\"] mark.kt-highlight{font-style:normal;color:#f76a0c;-webkit-box-decoration-break:clone;box-decoration-break:clone;padding-top:0px;padding-right:0px;padding-bottom:0px;padding-left:0px;}.wp-block-kadence-advancedheading.kt-adv-heading2453_d98680-42 img.kb-inline-image, .wp-block-kadence-advancedheading.kt-adv-heading2453_d98680-42[data-kb-block=\"kb-adv-heading2453_d98680-42\"] img.kb-inline-image{width:150px;vertical-align:baseline;}<\/style>\n<h2 class=\"kt-adv-heading2453_d98680-42 wp-block-kadence-advancedheading\" data-kb-block=\"kb-adv-heading2453_d98680-42\">\u010eakujeme za registr\u00e1ciu<\/h2>\n\n\n<style>.wp-block-kadence-advancedheading.kt-adv-heading2453_6bc791-10, .wp-block-kadence-advancedheading.kt-adv-heading2453_6bc791-10[data-kb-block=\"kb-adv-heading2453_6bc791-10\"]{margin-bottom:var(--global-kb-spacing-xl, 4rem);text-align:center;font-style:normal;}.wp-block-kadence-advancedheading.kt-adv-heading2453_6bc791-10 mark.kt-highlight, .wp-block-kadence-advancedheading.kt-adv-heading2453_6bc791-10[data-kb-block=\"kb-adv-heading2453_6bc791-10\"] mark.kt-highlight{font-style:normal;color:#f76a0c;-webkit-box-decoration-break:clone;box-decoration-break:clone;padding-top:0px;padding-right:0px;padding-bottom:0px;padding-left:0px;}.wp-block-kadence-advancedheading.kt-adv-heading2453_6bc791-10 img.kb-inline-image, .wp-block-kadence-advancedheading.kt-adv-heading2453_6bc791-10[data-kb-block=\"kb-adv-heading2453_6bc791-10\"] img.kb-inline-image{width:150px;vertical-align:baseline;}<\/style>\n<h5 class=\"kt-adv-heading2453_6bc791-10 wp-block-kadence-advancedheading\" data-kb-block=\"kb-adv-heading2453_6bc791-10\">Pre \u00faspe\u0161n\u00fa registr\u00e1ciu je potrebn\u00e9 overi\u0165, \u017ee t\u00e1to emailov\u00e1 adresa skuto\u010dne patr\u00ed V\u00e1m kliknut\u00edm na tla\u010didlo konci tejto spr\u00e1vy.<\/h5>\n\n\n<div class=\"jet-fb-form-block\" data-is-block=\"jet-forms\/form-block\"><style id=\"jet-form-builder-2451-inline-css\"><\/style><form  class=\"jet-form-builder layout-column submit-type-reload\" action=\"https:\/\/stellacar.sk\/en\/wp-json\/wp\/v2\/pages\/2453\/?s55opM=RACB2QyOzC&amp;method=reload\" method=\"POST\" data-form-id=\"2451\" data-layout=\"column\" enctype=\"multipart\/form-data\" novalidate=\"null\" ssr_validation_method=\"rest\">\r\n<input type=\"hidden\" name=\"_jfb_current_render_states[]\" value=\"DEFAULT.STATE\" data-jfb-sync \/><input type=\"hidden\" class=\"jet-form-builder__field hidden-field\" name=\"_jet_engine_booking_form_id\" data-field-name=\"_jet_engine_booking_form_id\" value=\"2451\">\n<input type=\"hidden\" class=\"jet-form-builder__field hidden-field\" name=\"_jet_engine_refer\" data-field-name=\"_jet_engine_refer\" value=\"https:\/\/stellacar.sk\/en\/wp-json\/wp\/v2\/pages\/2453\/\">\n<input type=\"hidden\" class=\"jet-form-builder__field hidden-field\" name=\"__queried_post_id\" data-field-name=\"__queried_post_id\" value=\"2453\">\n\n<input type=\"hidden\" class=\"jet-form-builder__field hidden-field\" name=\"activation_token\" data-field-name=\"activation_token\" data-jfb-sync=\"null\">\n\n\n\n<input type=\"hidden\" class=\"captcha-token\" name=\"_captcha_token\" value=\"\"\/><div class=\"jfb-visually-hidden\" tabindex=\"-1\"><div class=\"jet-form-builder__field-wrap\">\n\t\t\t\t<input name=\"email\" id=\"email\" type=\"email\" data-field-name=\"email\" class=\"jet-form-builder__field text-field\" data-jfb-sync=\"null\" autocomplete=\"off_UvYK9omM\">\n\t\t\t\t\t<\/div><\/div><div  class=\"jet-form-builder-row field-type-submit-field\" >\n\t<div data-type=\"submit\" class=\"jet-form-builder__action-button-wrapper jet-form-builder__submit-wrap\">\n\t<button class=\"jet-form-builder__action-button prihlasit_sa_button jet-form-builder__submit submit-type-reload\" type=\"submit\">Potvrdi\u0165 email<\/button>\n\t<\/div>\n\t\n<\/div>\t<div class=\"jet-form-builder-messages-wrap\" data-form-id=\"2451\"><\/div>\n<\/form>\n<\/div><\/div><\/div>\n\n<\/div><\/div>","protected":false},"excerpt":{"rendered":"<p>\u010eakujeme za registr\u00e1ciu Pre \u00faspe\u0161n\u00fa registr\u00e1ciu je potrebn\u00e9 overi\u0165, \u017ee t\u00e1to emailov\u00e1 adresa skuto\u010dne patr\u00ed V\u00e1m kliknut\u00edm na tla\u010didlo konci tejto spr\u00e1vy.<\/p>","protected":false},"author":79,"featured_media":0,"parent":0,"menu_order":0,"comment_status":"closed","ping_status":"closed","template":"","meta":{"_seopress_robots_primary_cat":"","_seopress_titles_title":"","_seopress_titles_desc":"","_seopress_robots_index":"","inline_featured_image":false,"_kad_blocks_custom_css":"","_kad_blocks_head_custom_js":"","_kad_blocks_body_custom_js":"","_kad_blocks_footer_custom_js":"","_kad_post_transparent":"","_kad_post_title":"","_kad_post_layout":"","_kad_post_sidebar_id":"","_kad_post_content_style":"","_kad_post_vertical_padding":"","_kad_post_feature":"","_kad_post_feature_position":"","_kad_post_header":false,"_kad_post_footer":false,"footnotes":""},"class_list":["post-2453","page","type-page","status-publish","hentry"],"taxonomy_info":[],"featured_image_src_large":false,"author_info":{"display_name":"Matej Dvon\u010d","author_link":"https:\/\/stellacar.sk\/en\/author\/wewesuperadmin\/"},"comment_info":"","_links":{"self":[{"href":"https:\/\/stellacar.sk\/en\/wp-json\/wp\/v2\/pages\/2453","targetHints":{"allow":["GET"]}}],"collection":[{"href":"https:\/\/stellacar.sk\/en\/wp-json\/wp\/v2\/pages"}],"about":[{"href":"https:\/\/stellacar.sk\/en\/wp-json\/wp\/v2\/types\/page"}],"author":[{"embeddable":true,"href":"https:\/\/stellacar.sk\/en\/wp-json\/wp\/v2\/users\/79"}],"replies":[{"embeddable":true,"href":"https:\/\/stellacar.sk\/en\/wp-json\/wp\/v2\/comments?post=2453"}],"version-history":[{"count":0,"href":"https:\/\/stellacar.sk\/en\/wp-json\/wp\/v2\/pages\/2453\/revisions"}],"wp:attachment":[{"href":"https:\/\/stellacar.sk\/en\/wp-json\/wp\/v2\/media?parent=2453"}],"curies":[{"name":"wp","href":"https:\/\/api.w.org\/{rel}","templated":true}]}}