{"id":2441,"date":"2023-09-21T08:20:56","date_gmt":"2023-09-21T06:20:56","guid":{"rendered":"https:\/\/stellacar.sk\/?page_id=2441"},"modified":"2024-03-13T13:33:08","modified_gmt":"2024-03-13T12:33:08","slug":"prihlasenie","status":"publish","type":"page","link":"https:\/\/stellacar.sk\/cz\/prihlasenie\/","title":{"rendered":"P\u0159ihl\u00e1\u0161en\u00ed"},"content":{"rendered":"<style>.kb-row-layout-wrap.wp-block-kadence-rowlayout.kb-row-layout-id2441_2ce202-35{margin-top:var(--global-kb-spacing-5xl, 10rem);}.kb-row-layout-id2441_2ce202-35 > .kt-row-column-wrap{align-content:start;}:where(.kb-row-layout-id2441_2ce202-35 > .kt-row-column-wrap) > .wp-block-kadence-column{justify-content:start;}.kb-row-layout-id2441_2ce202-35 > .kt-row-column-wrap{column-gap:var(--global-kb-gap-md, 2rem);row-gap:var(--global-kb-gap-md, 2rem);max-width:650px;margin-left:auto;margin-right:auto;padding-top:var(--global-kb-spacing-5xl, 10rem);padding-bottom:var(--global-kb-spacing-5xl, 10rem);grid-template-columns:minmax(0, 1fr);}.kb-row-layout-id2441_2ce202-35 > .kt-row-layout-overlay{opacity:0.30;background-image:url('https:\/\/stellacar.sk\/wp-content\/uploads\/2023\/08\/front-view-generic-brandless-moder-car-1.png');background-size:contain;background-position:1% 6%;background-attachment:scroll;background-repeat:no-repeat;}@media all and (max-width: 1024px){.kb-row-layout-id2441_2ce202-35 > .kt-row-column-wrap{grid-template-columns:minmax(0, 1fr);}}@media all and (max-width: 767px){.kb-row-layout-id2441_2ce202-35 > .kt-row-column-wrap{padding-top:var(--global-kb-spacing-md, 2rem);grid-template-columns:minmax(0, 1fr);}}<\/style><div class=\"kb-row-layout-wrap kb-row-layout-id2441_2ce202-35 alignfull kt-row-has-bg wp-block-kadence-rowlayout\"><div class=\"kt-row-layout-overlay kt-row-overlay-normal\"><\/div><div class=\"kt-row-column-wrap kt-has-1-columns kt-row-layout-equal kt-tab-layout-inherit kt-mobile-layout-row kt-row-valign-top\">\n<style>.kadence-column2441_ad5fa2-da > .kt-inside-inner-col{padding-right:var(--global-kb-spacing-lg, 3rem);padding-left:var(--global-kb-spacing-lg, 3rem);}.kadence-column2441_ad5fa2-da > .kt-inside-inner-col{border-top:4px solid var(--global-palette1, #3182CE);}.kadence-column2441_ad5fa2-da > .kt-inside-inner-col,.kadence-column2441_ad5fa2-da > .kt-inside-inner-col:before{border-top-left-radius:0px;border-top-right-radius:0px;border-bottom-right-radius:0px;border-bottom-left-radius:0px;}.kadence-column2441_ad5fa2-da > .kt-inside-inner-col{column-gap:var(--global-kb-gap-sm, 1rem);}.kadence-column2441_ad5fa2-da > .kt-inside-inner-col{flex-direction:column;}.kadence-column2441_ad5fa2-da > .kt-inside-inner-col > .aligncenter{width:100%;}.kadence-column2441_ad5fa2-da > .kt-inside-inner-col{background-color:#1c1c1c;}.kadence-column2441_ad5fa2-da > .kt-inside-inner-col:before{opacity:0.3;}.kadence-column2441_ad5fa2-da{text-align:center;}.kadence-column2441_ad5fa2-da{position:relative;}@media all and (max-width: 1024px){.kadence-column2441_ad5fa2-da > .kt-inside-inner-col{border-top:4px solid var(--global-palette1, #3182CE);flex-direction:column;justify-content:center;}}@media all and (max-width: 767px){.kadence-column2441_ad5fa2-da > .kt-inside-inner-col{padding-right:var(--global-kb-spacing-xs, 1rem);padding-left:var(--global-kb-spacing-xs, 1rem);border-top:4px solid var(--global-palette1, #3182CE);flex-direction:column;justify-content:center;}}<\/style>\n<div class=\"wp-block-kadence-column kadence-column2441_ad5fa2-da\"><div class=\"kt-inside-inner-col\"><div class=\"jet-fb-form-block\" data-is-block=\"jet-forms\/form-block\"><style id=\"jet-form-builder-2434-inline-css\"><\/style><form  class=\"jet-form-builder layout-column submit-type-ajax\" action=\"https:\/\/stellacar.sk\/cz\/wp-json\/wp\/v2\/pages\/2441\/?s55opM=RACB2QyOzC&amp;method=reload\" method=\"POST\" data-form-id=\"2434\" data-layout=\"column\" enctype=\"multipart\/form-data\" data-clear=\"1\" novalidate=\"null\" ssr_validation_method=\"rest\">\r\n<input type=\"hidden\" name=\"_jfb_current_render_states[]\" value=\"DEFAULT.STATE\" data-jfb-sync \/><input type=\"hidden\" class=\"jet-form-builder__field hidden-field\" name=\"_jet_engine_booking_form_id\" data-field-name=\"_jet_engine_booking_form_id\" value=\"2434\">\n<input type=\"hidden\" class=\"jet-form-builder__field hidden-field\" name=\"_jet_engine_refer\" data-field-name=\"_jet_engine_refer\" value=\"https:\/\/stellacar.sk\/cz\/wp-json\/wp\/v2\/pages\/2441\/\">\n<input type=\"hidden\" class=\"jet-form-builder__field hidden-field\" name=\"__queried_post_id\" data-field-name=\"__queried_post_id\" value=\"2441\">\n<style>.wp-block-kadence-advancedheading.kt-adv-heading2434_031c16-13, .wp-block-kadence-advancedheading.kt-adv-heading2434_031c16-13[data-kb-block=\"kb-adv-heading2434_031c16-13\"]{font-size:32px;font-style:normal;}.wp-block-kadence-advancedheading.kt-adv-heading2434_031c16-13 mark.kt-highlight, .wp-block-kadence-advancedheading.kt-adv-heading2434_031c16-13[data-kb-block=\"kb-adv-heading2434_031c16-13\"] mark.kt-highlight{font-style:normal;color:#f76a0c;-webkit-box-decoration-break:clone;box-decoration-break:clone;padding-top:0px;padding-right:0px;padding-bottom:0px;padding-left:0px;}.wp-block-kadence-advancedheading.kt-adv-heading2434_031c16-13 img.kb-inline-image, .wp-block-kadence-advancedheading.kt-adv-heading2434_031c16-13[data-kb-block=\"kb-adv-heading2434_031c16-13\"] img.kb-inline-image{width:150px;vertical-align:baseline;}<\/style>\n<h5 class=\"kt-adv-heading2434_031c16-13 wp-block-kadence-advancedheading\" data-kb-block=\"kb-adv-heading2434_031c16-13\">Prihl\u00e1senie<\/h5>\n\n\n<div  class=\"jet-form-builder-row field-type-text-field\" >\n<div class=\"jet-form-builder__field-wrap\">\n\t\t\t\t<input placeholder=\"Email\" required=\"required\" name=\"email\" id=\"email\" type=\"email\" data-field-name=\"email\" class=\"jet-form-builder__field text-field login_boxes\" data-jfb-sync=\"null\" autocomplete=\"off_m0wpjEYx\">\n\t\t\t\t\t<\/div>\n<\/div>\n\n<div  class=\"jet-form-builder-row field-type-text-field\" >\n<div class=\"jet-form-builder__field-wrap\">\n\t\t\t\t<input placeholder=\"Heslo\" required=\"required\" name=\"heslo\" id=\"heslo\" type=\"password\" data-field-name=\"heslo\" class=\"jet-form-builder__field text-field login_boxes\" data-jfb-sync=\"null\" autocomplete=\"off_aEmfMhkA\">\n\t\t\t\t\t<\/div>\n<\/div>\n\n<input type=\"hidden\" class=\"captcha-token\" name=\"_captcha_token\" value=\"\"\/><div class=\"jfb-visually-hidden\" tabindex=\"-1\"><div class=\"jet-form-builder__field-wrap\">\n\t\t\t\t<input name=\"_email\" id=\"_email\" type=\"email\" data-field-name=\"_email\" class=\"jet-form-builder__field text-field\" data-jfb-sync=\"null\" autocomplete=\"off_W4K92D8C\">\n\t\t\t\t\t<\/div><\/div><div  class=\"jet-form-builder-row field-type-submit-field\" >\n\t<div data-type=\"submit\" class=\"jet-form-builder__action-button-wrapper jet-form-builder__submit-wrap\">\n\t<button class=\"jet-form-builder__action-button  prihlasit_sa_button  jet_form_prihlasit_sa jet-form-builder__submit submit-type-ajax\" type=\"submit\">Prihl\u00e1si\u0165 sa<\/button>\n\t<\/div>\n\t\n<\/div>\t<div class=\"jet-form-builder-messages-wrap\" data-form-id=\"2434\"><\/div>\n<\/form>\n<\/div>\n\n<style>.wp-block-kadence-advancedbtn.kb-btns2441_7e5125-3e{padding-top:var(--global-kb-spacing-lg, 3rem);padding-bottom:var(--global-kb-spacing-lg, 3rem);gap:var(--global-kb-gap-xs, 0.5rem );justify-content:center;align-items:center;}.kt-btns2441_7e5125-3e .kt-button{font-weight:normal;font-style:normal;}.kt-btns2441_7e5125-3e .kt-btn-wrap-0{margin-right:5px;}.wp-block-kadence-advancedbtn.kt-btns2441_7e5125-3e .kt-btn-wrap-0 .kt-button{color:#555555;border-color:#555555;}.wp-block-kadence-advancedbtn.kt-btns2441_7e5125-3e .kt-btn-wrap-0 .kt-button:hover, .wp-block-kadence-advancedbtn.kt-btns2441_7e5125-3e .kt-btn-wrap-0 .kt-button:focus{color:#ffffff;border-color:#444444;}.wp-block-kadence-advancedbtn.kt-btns2441_7e5125-3e .kt-btn-wrap-0 .kt-button::before{display:none;}.wp-block-kadence-advancedbtn.kt-btns2441_7e5125-3e .kt-btn-wrap-0 .kt-button:hover, .wp-block-kadence-advancedbtn.kt-btns2441_7e5125-3e .kt-btn-wrap-0 .kt-button:focus{background:#444444;}@media all and (max-width: 767px){.wp-block-kadence-advancedbtn.kb-btns2441_7e5125-3e{padding-top:var(--global-kb-spacing-xs, 1rem);padding-bottom:var(--global-kb-spacing-sm, 1.5rem);}}<\/style>\n<div class=\"wp-block-kadence-advancedbtn kb-buttons-wrap kb-btns2441_7e5125-3e\"><style>.wp-block-kadence-advancedbtn .kb-btn2441_39f890-1e.kb-button{color:#37383a;background:rgba(0,0,0,0);font-size:16px;}.wp-block-kadence-advancedbtn .kb-btn2441_39f890-1e.kb-button:hover, .wp-block-kadence-advancedbtn .kb-btn2441_39f890-1e.kb-button:focus{color:var(--global-palette1, #3182CE);background:rgba(0,0,0,0);}@media all and (max-width: 767px){.wp-block-kadence-advancedbtn .kb-btn2441_39f890-1e.kb-button{font-size:14px;}}<\/style><a class=\"kb-button kt-button button kb-btn2441_39f890-1e kt-btn-size-standard kt-btn-width-type-fixed kb-btn-global-fill  kt-btn-has-text-true kt-btn-has-svg-false  wp-block-kadence-singlebtn\" href=\"https:\/\/stellacar.sk\/obnovenie-hesla\/\"><span class=\"kt-btn-inner-text\">Zabudol som heslo<\/span><\/a><\/div>\n<\/div><\/div>\n\n<\/div><\/div>\n\n<style>.wp-block-kadence-advancedheading.kt-adv-heading2441_15cae6-33, .wp-block-kadence-advancedheading.kt-adv-heading2441_15cae6-33[data-kb-block=\"kb-adv-heading2441_15cae6-33\"]{margin-top:var(--global-kb-spacing-xs, 1rem);margin-bottom:var(--global-kb-spacing-4xl, 8rem);text-align:center;font-size:16px;font-style:normal;color:#37383a;}.wp-block-kadence-advancedheading.kt-adv-heading2441_15cae6-33 mark.kt-highlight, .wp-block-kadence-advancedheading.kt-adv-heading2441_15cae6-33[data-kb-block=\"kb-adv-heading2441_15cae6-33\"] mark.kt-highlight{font-style:normal;color:#f76a0c;-webkit-box-decoration-break:clone;box-decoration-break:clone;padding-top:0px;padding-right:0px;padding-bottom:0px;padding-left:0px;}.wp-block-kadence-advancedheading.kt-adv-heading2441_15cae6-33 img.kb-inline-image, .wp-block-kadence-advancedheading.kt-adv-heading2441_15cae6-33[data-kb-block=\"kb-adv-heading2441_15cae6-33\"] img.kb-inline-image{width:150px;vertical-align:baseline;}.wp-block-kadence-advancedheading.kt-adv-heading2441_15cae6-33[data-kb-block=\"kb-adv-heading2441_15cae6-33\"] a, a.kb-advanced-heading-link.kt-adv-heading-link2441_15cae6-33{text-decoration:underline;}.wp-block-kadence-advancedheading.kt-adv-heading2441_15cae6-33[data-kb-block=\"kb-adv-heading2441_15cae6-33\"] a:hover, a.kb-advanced-heading-link.kt-adv-heading-link2441_15cae6-33:hover{text-decoration:underline;}<\/style>\n<p class=\"kt-adv-heading2441_15cae6-33 wp-block-kadence-advancedheading hls-underline\" data-kb-block=\"kb-adv-heading2441_15cae6-33\">E\u0161te nem\u00e1te \u00fa\u010det?   <a href=\"https:\/\/stellacar.sk\/registracia\/\" data-type=\"page\" data-id=\"2441\">Zaregistrujte sa<\/a><\/p>\n","protected":false},"excerpt":{"rendered":"<p>Je\u0161t\u011b nem\u00e1te \u00fa\u010det? Zaregistrujte se<\/p>","protected":false},"author":79,"featured_media":0,"parent":0,"menu_order":0,"comment_status":"closed","ping_status":"closed","template":"","meta":{"_seopress_robots_primary_cat":"","_seopress_titles_title":"","_seopress_titles_desc":"","_seopress_robots_index":"","inline_featured_image":false,"_kad_blocks_custom_css":"","_kad_blocks_head_custom_js":"","_kad_blocks_body_custom_js":"","_kad_blocks_footer_custom_js":"","_kad_post_transparent":"","_kad_post_title":"","_kad_post_layout":"","_kad_post_sidebar_id":"","_kad_post_content_style":"","_kad_post_vertical_padding":"","_kad_post_feature":"","_kad_post_feature_position":"","_kad_post_header":false,"_kad_post_footer":false,"footnotes":""},"class_list":["post-2441","page","type-page","status-publish","hentry"],"taxonomy_info":[],"featured_image_src_large":false,"author_info":{"display_name":"Matej Dvon\u010d","author_link":"https:\/\/stellacar.sk\/cz\/author\/wewesuperadmin\/"},"comment_info":"","_links":{"self":[{"href":"https:\/\/stellacar.sk\/cz\/wp-json\/wp\/v2\/pages\/2441","targetHints":{"allow":["GET"]}}],"collection":[{"href":"https:\/\/stellacar.sk\/cz\/wp-json\/wp\/v2\/pages"}],"about":[{"href":"https:\/\/stellacar.sk\/cz\/wp-json\/wp\/v2\/types\/page"}],"author":[{"embeddable":true,"href":"https:\/\/stellacar.sk\/cz\/wp-json\/wp\/v2\/users\/79"}],"replies":[{"embeddable":true,"href":"https:\/\/stellacar.sk\/cz\/wp-json\/wp\/v2\/comments?post=2441"}],"version-history":[{"count":0,"href":"https:\/\/stellacar.sk\/cz\/wp-json\/wp\/v2\/pages\/2441\/revisions"}],"wp:attachment":[{"href":"https:\/\/stellacar.sk\/cz\/wp-json\/wp\/v2\/media?parent=2441"}],"curies":[{"name":"wp","href":"https:\/\/api.w.org\/{rel}","templated":true}]}}