{"id":2406,"date":"2023-09-19T15:31:05","date_gmt":"2023-09-19T13:31:05","guid":{"rendered":"https:\/\/stellacar.sk\/?page_id=2406"},"modified":"2024-03-13T13:33:08","modified_gmt":"2024-03-13T12:33:08","slug":"registracia","status":"publish","type":"page","link":"https:\/\/stellacar.sk\/cz\/registracia\/","title":{"rendered":"Registrace"},"content":{"rendered":"<style>.kb-row-layout-wrap.wp-block-kadence-rowlayout.kb-row-layout-id2406_e26922-b4{margin-top:var(--global-kb-spacing-3xl, 6.5rem);}.kb-row-layout-id2406_e26922-b4 > .kt-row-column-wrap{align-content:start;}:where(.kb-row-layout-id2406_e26922-b4 > .kt-row-column-wrap) > .wp-block-kadence-column{justify-content:start;}.kb-row-layout-id2406_e26922-b4 > .kt-row-column-wrap{column-gap:var(--global-kb-gap-md, 2rem);row-gap:var(--global-kb-gap-md, 2rem);max-width:650px;margin-left:auto;margin-right:auto;padding-top:var(--global-kb-spacing-4xl, 8rem);padding-bottom:var(--global-kb-spacing-sm, 1.5rem);grid-template-columns:minmax(0, 1fr);}.kb-row-layout-id2406_e26922-b4 > .kt-row-layout-overlay{opacity:0.40;background-image:url('https:\/\/stellacar.sk\/wp-content\/uploads\/2023\/08\/front-view-generic-brandless-moder-car-1.png');background-size:80% auto;background-position:0% 0%;background-attachment:scroll;background-repeat:no-repeat;}@media all and (max-width: 1024px){.kb-row-layout-id2406_e26922-b4 > .kt-row-column-wrap{grid-template-columns:minmax(0, 1fr);}}@media all and (max-width: 767px){.kb-row-layout-id2406_e26922-b4 > .kt-row-column-wrap{padding-top:var(--global-kb-spacing-md, 2rem);grid-template-columns:minmax(0, 1fr);}}<\/style><div class=\"kb-row-layout-wrap kb-row-layout-id2406_e26922-b4 alignfull kt-row-has-bg registracia_row wp-block-kadence-rowlayout\"><div class=\"kt-row-layout-overlay kt-row-overlay-normal\"><\/div><div class=\"kt-row-column-wrap kt-has-1-columns kt-row-layout-equal kt-tab-layout-inherit kt-mobile-layout-row kt-row-valign-top\">\n<style>.kadence-column2406_4fa46a-dc > .kt-inside-inner-col{padding-right:var(--global-kb-spacing-lg, 3rem);padding-bottom:var(--global-kb-spacing-xxl, 5rem);padding-left:var(--global-kb-spacing-lg, 3rem);}.kadence-column2406_4fa46a-dc > .kt-inside-inner-col{border-top:4px solid var(--global-palette1, #3182CE);}.kadence-column2406_4fa46a-dc > .kt-inside-inner-col,.kadence-column2406_4fa46a-dc > .kt-inside-inner-col:before{border-top-left-radius:0px;border-top-right-radius:0px;border-bottom-right-radius:0px;border-bottom-left-radius:0px;}.kadence-column2406_4fa46a-dc > .kt-inside-inner-col{column-gap:var(--global-kb-gap-sm, 1rem);}.kadence-column2406_4fa46a-dc > .kt-inside-inner-col{flex-direction:column;}.kadence-column2406_4fa46a-dc > .kt-inside-inner-col > .aligncenter{width:100%;}.kadence-column2406_4fa46a-dc > .kt-inside-inner-col{background-color:#1c1c1c;}.kadence-column2406_4fa46a-dc > .kt-inside-inner-col:before{opacity:0.3;}.kadence-column2406_4fa46a-dc{position:relative;}@media all and (max-width: 1024px){.kadence-column2406_4fa46a-dc > .kt-inside-inner-col{border-top:4px solid var(--global-palette1, #3182CE);flex-direction:column;justify-content:center;}}@media all and (max-width: 767px){.kadence-column2406_4fa46a-dc > .kt-inside-inner-col{padding-right:var(--global-kb-spacing-xs, 1rem);padding-left:var(--global-kb-spacing-xs, 1rem);border-top:4px solid var(--global-palette1, #3182CE);flex-direction:column;justify-content:center;}}<\/style>\n<div class=\"wp-block-kadence-column kadence-column2406_4fa46a-dc\"><div class=\"kt-inside-inner-col\"><div class=\"jet-fb-form-block\" data-is-block=\"jet-forms\/form-block\"><style id=\"jet-form-builder-2429-inline-css\"><\/style><form  class=\"jet-form-builder layout-column submit-type-ajax registacia_form\" action=\"https:\/\/stellacar.sk\/cz\/wp-json\/wp\/v2\/pages\/2406\/?s55opM=RACB2QyOzC&amp;method=reload\" method=\"POST\" data-form-id=\"2429\" data-layout=\"column\" enctype=\"multipart\/form-data\" data-clear=\"1\" novalidate=\"null\" ssr_validation_method=\"rest\">\r\n<input type=\"hidden\" name=\"_jfb_current_render_states[]\" value=\"DEFAULT.STATE\" data-jfb-sync \/><input type=\"hidden\" class=\"jet-form-builder__field hidden-field\" name=\"_jet_engine_booking_form_id\" data-field-name=\"_jet_engine_booking_form_id\" value=\"2429\">\n<input type=\"hidden\" class=\"jet-form-builder__field hidden-field\" name=\"_jet_engine_refer\" data-field-name=\"_jet_engine_refer\" value=\"https:\/\/stellacar.sk\/cz\/wp-json\/wp\/v2\/pages\/2406\/\">\n<input type=\"hidden\" class=\"jet-form-builder__field hidden-field\" name=\"__queried_post_id\" data-field-name=\"__queried_post_id\" value=\"2406\">\n<style>.wp-block-kadence-advancedheading.kt-adv-heading2429_a4d977-f1, .wp-block-kadence-advancedheading.kt-adv-heading2429_a4d977-f1[data-kb-block=\"kb-adv-heading2429_a4d977-f1\"]{margin-bottom:var(--global-kb-spacing-lg, 3rem);text-align:center;font-style:normal;}.wp-block-kadence-advancedheading.kt-adv-heading2429_a4d977-f1 mark.kt-highlight, .wp-block-kadence-advancedheading.kt-adv-heading2429_a4d977-f1[data-kb-block=\"kb-adv-heading2429_a4d977-f1\"] mark.kt-highlight{font-style:normal;color:#f76a0c;-webkit-box-decoration-break:clone;box-decoration-break:clone;padding-top:0px;padding-right:0px;padding-bottom:0px;padding-left:0px;}.wp-block-kadence-advancedheading.kt-adv-heading2429_a4d977-f1 img.kb-inline-image, .wp-block-kadence-advancedheading.kt-adv-heading2429_a4d977-f1[data-kb-block=\"kb-adv-heading2429_a4d977-f1\"] img.kb-inline-image{width:150px;vertical-align:baseline;}<\/style>\n<h5 class=\"kt-adv-heading2429_a4d977-f1 wp-block-kadence-advancedheading\" data-kb-block=\"kb-adv-heading2429_a4d977-f1\">Registr\u00e1cia<\/h5>\n\n\n<div  class=\"jet-form-builder-row field-type-text-field\" >\n<div class=\"jet-form-builder__field-wrap\">\n\t\t\t\t<input placeholder=\"Meno \" required=\"required\" name=\"meno\" id=\"meno\" type=\"text\" data-field-name=\"meno\" class=\"jet-form-builder__field text-field login_boxes\" data-jfb-sync=\"null\" autocomplete=\"off_kg6oLHc0\">\n\t\t\t\t\t<\/div>\n<\/div>\n\n<div  class=\"jet-form-builder-row field-type-text-field\" >\n<div class=\"jet-form-builder__field-wrap\">\n\t\t\t\t<input placeholder=\"Priezvisko\" required=\"required\" name=\"priezvisko\" id=\"priezvisko\" type=\"text\" data-field-name=\"priezvisko\" class=\"jet-form-builder__field text-field login_boxes\" data-jfb-sync=\"null\" autocomplete=\"off_QhxzyesA\">\n\t\t\t\t\t<\/div>\n<\/div>\n\n<div  class=\"jet-form-builder-row field-type-text-field\" >\n<div class=\"jet-form-builder__field-wrap\">\n\t\t\t\t<input placeholder=\"Email\" required=\"required\" name=\"email\" id=\"email\" type=\"email\" data-field-name=\"email\" class=\"jet-form-builder__field text-field login_boxes\" data-jfb-sync=\"null\" autocomplete=\"off_6IGXOkZe\">\n\t\t\t\t\t<\/div>\n<\/div>\n\n<div  class=\"jet-form-builder-row field-type-text-field\" >\n<div class=\"jet-form-builder__field-wrap\">\n\t\t\t\t<input placeholder=\"Tel. \u010d\u00edslo\" required=\"required\" name=\"tel_cislo\" id=\"tel_cislo\" type=\"tel\" data-field-name=\"tel_cislo\" class=\"jet-form-builder__field text-field login_boxes\" data-jfb-sync=\"null\" autocomplete=\"off_G2nYZvpx\">\n\t\t\t\t\t<\/div>\n<\/div>\n\n<div  class=\"jet-form-builder-row field-type-text-field\" >\n<div class=\"jet-form-builder__field-wrap\">\n\t\t\t\t<input placeholder=\"N\u00e1zov firmy\" required=\"required\" name=\"nazov_firmy\" id=\"nazov_firmy\" type=\"text\" data-field-name=\"nazov_firmy\" class=\"jet-form-builder__field text-field login_boxes\" data-jfb-sync=\"null\" autocomplete=\"off_Qgqw1EKy\">\n\t\t\t\t\t<\/div>\n<\/div>\n\n<div  class=\"jet-form-builder-row field-type-text-field\" >\n<div class=\"jet-form-builder__field-wrap\">\n\t\t\t\t<input placeholder=\"I\u010cO\" required=\"required\" name=\"ico\" id=\"ico\" type=\"text\" data-field-name=\"ico\" class=\"jet-form-builder__field text-field login_boxes\" data-jfb-sync=\"null\" autocomplete=\"off_Xh7ZRNDa\">\n\t\t\t\t\t<\/div>\n<\/div>\n\n<div  class=\"jet-form-builder-row field-type-text-field\" >\n<div class=\"jet-form-builder__field-wrap\">\n\t\t\t\t<input placeholder=\"Heslo\" required=\"required\" name=\"heslo\" id=\"heslo\" type=\"password\" data-field-name=\"heslo\" class=\"jet-form-builder__field text-field login_boxes\" data-jfb-sync=\"null\" autocomplete=\"off_NfjnBzC1\">\n\t\t\t\t\t<\/div>\n<\/div>\n\n<div  class=\"jet-form-builder-row field-type-text-field\" >\n<div class=\"jet-form-builder__field-wrap\">\n\t\t\t\t<input placeholder=\"Zopakujte heslo\" required=\"required\" name=\"heslo_confirm\" id=\"heslo_confirm\" type=\"password\" data-field-name=\"heslo_confirm\" class=\"jet-form-builder__field text-field login_boxes\" data-jfb-sync=\"null\" autocomplete=\"off_dG4vCs5l\">\n\t\t\t\t\t<\/div>\n<\/div>\n\n<div  class=\"jet-form-builder-row field-type-checkbox-field\" >\n<div class=\"jet-form-builder__fields-group checkradio-wrap\" data-jfb-sync><div class=\"jet-form-builder__field-wrap checkboxes-wrap checkradio-wrap\"><label class=\"jet-form-builder__field-label for-checkbox\">\n\t\t\t<input type=\"checkbox\" name=\"check_box_terms\" value=\"schv\u00e1len\u00e9\" data-field-name=\"check_box_terms\"  class=\"jet-form-builder__field checkboxes-field checkradio-field registracia_potvrdenie\" required=\"required\"><span>T\u00fdmto vyhlasujem, \u017ee som sa obozn\u00e1mil\/a so V\u0161eobecn\u00fdmi obchodn\u00fdmi podmienkami a Z\u00e1sadami spracovania osobn\u00fdch \u00fadajov na Internetovej str\u00e1nke www.stellacar.sk<\/span><\/label><\/div><\/div>\n<\/div>\n\n<input type=\"hidden\" class=\"captcha-token\" name=\"_captcha_token\" value=\"\"\/><div  class=\"jet-form-builder-row field-type-submit-field\" >\n\t<div data-type=\"submit\" class=\"jet-form-builder__action-button-wrapper jet-form-builder__submit-wrap\">\n\t<button class=\"jet-form-builder__action-button prihlasit_sa_button jet_form_prihlasit_sa jet-form-builder__submit submit-type-ajax\" type=\"submit\">Chcem sa registrova\u0165<\/button>\n\t<\/div>\n\t\n<\/div>\t<div class=\"jet-form-builder-messages-wrap\" data-form-id=\"2429\"><\/div>\n<\/form>\n<\/div><\/div><\/div>\n\n<\/div><\/div>\n\n<style>.wp-block-kadence-advancedheading.kt-adv-heading2406_aab6e1-91, .wp-block-kadence-advancedheading.kt-adv-heading2406_aab6e1-91[data-kb-block=\"kb-adv-heading2406_aab6e1-91\"]{margin-top:var(--global-kb-spacing-xs, 1rem);margin-bottom:var(--global-kb-spacing-4xl, 8rem);text-align:center;font-style:normal;color:#37383a;}.wp-block-kadence-advancedheading.kt-adv-heading2406_aab6e1-91 mark.kt-highlight, .wp-block-kadence-advancedheading.kt-adv-heading2406_aab6e1-91[data-kb-block=\"kb-adv-heading2406_aab6e1-91\"] mark.kt-highlight{font-style:normal;color:#f76a0c;-webkit-box-decoration-break:clone;box-decoration-break:clone;padding-top:0px;padding-right:0px;padding-bottom:0px;padding-left:0px;}.wp-block-kadence-advancedheading.kt-adv-heading2406_aab6e1-91 img.kb-inline-image, .wp-block-kadence-advancedheading.kt-adv-heading2406_aab6e1-91[data-kb-block=\"kb-adv-heading2406_aab6e1-91\"] img.kb-inline-image{width:150px;vertical-align:baseline;}.wp-block-kadence-advancedheading.kt-adv-heading2406_aab6e1-91[data-kb-block=\"kb-adv-heading2406_aab6e1-91\"] a, a.kb-advanced-heading-link.kt-adv-heading-link2406_aab6e1-91{text-decoration:underline;}.wp-block-kadence-advancedheading.kt-adv-heading2406_aab6e1-91[data-kb-block=\"kb-adv-heading2406_aab6e1-91\"] a:hover, a.kb-advanced-heading-link.kt-adv-heading-link2406_aab6e1-91:hover{text-decoration:underline;}<\/style>\n<p class=\"kt-adv-heading2406_aab6e1-91 wp-block-kadence-advancedheading hls-underline\" data-kb-block=\"kb-adv-heading2406_aab6e1-91\">U\u017e m\u00e1te \u00fa\u010det?   <a href=\"https:\/\/stellacar.sk\/prihlasenie\/\" data-type=\"page\" data-id=\"2441\">Prihl\u00e1ste sa<\/a><\/p>\n","protected":false},"excerpt":{"rendered":"<p>U\u017e m\u00e1te \u00fa\u010det? P\u0159ihlaste se<\/p>","protected":false},"author":79,"featured_media":0,"parent":0,"menu_order":0,"comment_status":"closed","ping_status":"closed","template":"","meta":{"_seopress_robots_primary_cat":"","_seopress_titles_title":"","_seopress_titles_desc":"","_seopress_robots_index":"","inline_featured_image":false,"_kad_blocks_custom_css":"","_kad_blocks_head_custom_js":"","_kad_blocks_body_custom_js":"","_kad_blocks_footer_custom_js":"","_kad_post_transparent":"","_kad_post_title":"","_kad_post_layout":"","_kad_post_sidebar_id":"","_kad_post_content_style":"","_kad_post_vertical_padding":"","_kad_post_feature":"","_kad_post_feature_position":"","_kad_post_header":false,"_kad_post_footer":false,"footnotes":""},"class_list":["post-2406","page","type-page","status-publish","hentry"],"taxonomy_info":[],"featured_image_src_large":false,"author_info":{"display_name":"Matej Dvon\u010d","author_link":"https:\/\/stellacar.sk\/cz\/author\/wewesuperadmin\/"},"comment_info":"","_links":{"self":[{"href":"https:\/\/stellacar.sk\/cz\/wp-json\/wp\/v2\/pages\/2406","targetHints":{"allow":["GET"]}}],"collection":[{"href":"https:\/\/stellacar.sk\/cz\/wp-json\/wp\/v2\/pages"}],"about":[{"href":"https:\/\/stellacar.sk\/cz\/wp-json\/wp\/v2\/types\/page"}],"author":[{"embeddable":true,"href":"https:\/\/stellacar.sk\/cz\/wp-json\/wp\/v2\/users\/79"}],"replies":[{"embeddable":true,"href":"https:\/\/stellacar.sk\/cz\/wp-json\/wp\/v2\/comments?post=2406"}],"version-history":[{"count":0,"href":"https:\/\/stellacar.sk\/cz\/wp-json\/wp\/v2\/pages\/2406\/revisions"}],"wp:attachment":[{"href":"https:\/\/stellacar.sk\/cz\/wp-json\/wp\/v2\/media?parent=2406"}],"curies":[{"name":"wp","href":"https:\/\/api.w.org\/{rel}","templated":true}]}}